{"id":6969,"date":"2018-10-24T17:17:48","date_gmt":"2018-10-24T16:17:48","guid":{"rendered":"https:\/\/ecadstar2.wpengine.com\/en\/our-process-copy\/"},"modified":"2023-08-29T08:47:01","modified_gmt":"2023-08-29T07:47:01","slug":"our-heritage","status":"publish","type":"page","link":"https:\/\/www.ecadstar.com\/de\/our-heritage\/","title":{"rendered":"QUALIT\u00c4T AUS TRADITION"},"content":{"rendered":"","protected":false},"excerpt":{"rendered":"","protected":false},"author":10,"featured_media":0,"parent":0,"menu_order":0,"comment_status":"closed","ping_status":"closed","template":"","meta":{"_acf_changed":false,"footnotes":"","_links_to":"","_links_to_target":""},"categories":[],"tags":[],"class_list":["post-6969","page","type-page","status-publish","hentry"],"acf":[],"yoast_head":"<!-- This site is optimized with the Yoast SEO Premium plugin v27.1 (Yoast SEO v27.1.1) - https:\/\/yoast.com\/product\/yoast-seo-premium-wordpress\/ -->\n<title>Zuken | Ein internationales Software Unternehmen | eCADSTAR<\/title>\n<meta name=\"description\" content=\"Zuken ist ein internationales Unternehmen, das seit \u00fcber 40 Jahren Software f\u00fcr den Leiterplattenentwurf in bew\u00e4hrter Qualit\u00e4t anbietet.\" \/>\n<meta name=\"robots\" content=\"index, follow, max-snippet:-1, max-image-preview:large, max-video-preview:-1\" \/>\n<link rel=\"canonical\" href=\"https:\/\/www.ecadstar.com\/de\/our-heritage\/\" \/>\n<meta property=\"og:locale\" content=\"de_DE\" \/>\n<meta property=\"og:type\" content=\"article\" \/>\n<meta property=\"og:title\" content=\"QUALIT\u00c4T AUS TRADITION\" \/>\n<meta property=\"og:description\" content=\"Zuken ist ein internationales Unternehmen, das seit \u00fcber 40 Jahren Software f\u00fcr den Leiterplattenentwurf in bew\u00e4hrter Qualit\u00e4t anbietet.\" \/>\n<meta property=\"og:url\" content=\"https:\/\/www.ecadstar.com\/de\/our-heritage\/\" \/>\n<meta property=\"og:site_name\" content=\"Deutsch\" \/>\n<meta property=\"article:modified_time\" content=\"2023-08-29T07:47:01+00:00\" \/>\n<meta name=\"twitter:card\" content=\"summary_large_image\" \/>\n<script type=\"application\/ld+json\" class=\"yoast-schema-graph\">{\"@context\":\"https:\/\/schema.org\",\"@graph\":[{\"@type\":\"WebPage\",\"@id\":\"https:\/\/www.ecadstar.com\/de\/our-heritage\/\",\"url\":\"https:\/\/www.ecadstar.com\/de\/our-heritage\/\",\"name\":\"Zuken | Ein internationales Software Unternehmen | eCADSTAR\",\"isPartOf\":{\"@id\":\"https:\/\/www.ecadstar.com\/de\/#website\"},\"datePublished\":\"2018-10-24T16:17:48+00:00\",\"dateModified\":\"2023-08-29T07:47:01+00:00\",\"description\":\"Zuken ist ein internationales Unternehmen, das seit \u00fcber 40 Jahren Software f\u00fcr den Leiterplattenentwurf in bew\u00e4hrter Qualit\u00e4t anbietet.\",\"breadcrumb\":{\"@id\":\"https:\/\/www.ecadstar.com\/de\/our-heritage\/#breadcrumb\"},\"inLanguage\":\"de-DE\",\"potentialAction\":[{\"@type\":\"ReadAction\",\"target\":[\"https:\/\/www.ecadstar.com\/de\/our-heritage\/\"]}]},{\"@type\":\"BreadcrumbList\",\"@id\":\"https:\/\/www.ecadstar.com\/de\/our-heritage\/#breadcrumb\",\"itemListElement\":[{\"@type\":\"ListItem\",\"position\":1,\"name\":\"HOME\",\"item\":\"https:\/\/www.ecadstar.com\/de\/\"},{\"@type\":\"ListItem\",\"position\":2,\"name\":\"QUALIT\u00c4T AUS TRADITION\"}]},{\"@type\":\"WebSite\",\"@id\":\"https:\/\/www.ecadstar.com\/de\/#website\",\"url\":\"https:\/\/www.ecadstar.com\/de\/\",\"name\":\"Deutsch\",\"description\":\"New Internet Connected PCB Design Platform\",\"publisher\":{\"@id\":\"https:\/\/www.ecadstar.com\/de\/#organization\"},\"potentialAction\":[{\"@type\":\"SearchAction\",\"target\":{\"@type\":\"EntryPoint\",\"urlTemplate\":\"https:\/\/www.ecadstar.com\/de\/?s={search_term_string}\"},\"query-input\":{\"@type\":\"PropertyValueSpecification\",\"valueRequired\":true,\"valueName\":\"search_term_string\"}}],\"inLanguage\":\"de-DE\"},{\"@type\":\"Organization\",\"@id\":\"https:\/\/www.ecadstar.com\/de\/#organization\",\"name\":\"eCADSTAR\",\"url\":\"https:\/\/www.ecadstar.com\/de\/\",\"logo\":{\"@type\":\"ImageObject\",\"inLanguage\":\"de-DE\",\"@id\":\"https:\/\/www.ecadstar.com\/de\/#\/schema\/logo\/image\/\",\"url\":\"https:\/\/www.ecadstar.com\/de\/wp-content\/uploads\/sites\/5\/2019\/04\/eCADSTAR-square-icon-white-A.png\",\"contentUrl\":\"https:\/\/www.ecadstar.com\/de\/wp-content\/uploads\/sites\/5\/2019\/04\/eCADSTAR-square-icon-white-A.png\",\"width\":512,\"height\":512,\"caption\":\"eCADSTAR\"},\"image\":{\"@id\":\"https:\/\/www.ecadstar.com\/de\/#\/schema\/logo\/image\/\"}}]}<\/script>\n<!-- \/ Yoast SEO Premium plugin. -->","yoast_head_json":{"title":"Zuken | Ein internationales Software Unternehmen | eCADSTAR","description":"Zuken ist ein internationales Unternehmen, das seit \u00fcber 40 Jahren Software f\u00fcr den Leiterplattenentwurf in bew\u00e4hrter Qualit\u00e4t anbietet.","robots":{"index":"index","follow":"follow","max-snippet":"max-snippet:-1","max-image-preview":"max-image-preview:large","max-video-preview":"max-video-preview:-1"},"canonical":"https:\/\/www.ecadstar.com\/de\/our-heritage\/","og_locale":"de_DE","og_type":"article","og_title":"QUALIT\u00c4T AUS TRADITION","og_description":"Zuken ist ein internationales Unternehmen, das seit \u00fcber 40 Jahren Software f\u00fcr den Leiterplattenentwurf in bew\u00e4hrter Qualit\u00e4t anbietet.","og_url":"https:\/\/www.ecadstar.com\/de\/our-heritage\/","og_site_name":"Deutsch","article_modified_time":"2023-08-29T07:47:01+00:00","twitter_card":"summary_large_image","schema":{"@context":"https:\/\/schema.org","@graph":[{"@type":"WebPage","@id":"https:\/\/www.ecadstar.com\/de\/our-heritage\/","url":"https:\/\/www.ecadstar.com\/de\/our-heritage\/","name":"Zuken | Ein internationales Software Unternehmen | eCADSTAR","isPartOf":{"@id":"https:\/\/www.ecadstar.com\/de\/#website"},"datePublished":"2018-10-24T16:17:48+00:00","dateModified":"2023-08-29T07:47:01+00:00","description":"Zuken ist ein internationales Unternehmen, das seit \u00fcber 40 Jahren Software f\u00fcr den Leiterplattenentwurf in bew\u00e4hrter Qualit\u00e4t anbietet.","breadcrumb":{"@id":"https:\/\/www.ecadstar.com\/de\/our-heritage\/#breadcrumb"},"inLanguage":"de-DE","potentialAction":[{"@type":"ReadAction","target":["https:\/\/www.ecadstar.com\/de\/our-heritage\/"]}]},{"@type":"BreadcrumbList","@id":"https:\/\/www.ecadstar.com\/de\/our-heritage\/#breadcrumb","itemListElement":[{"@type":"ListItem","position":1,"name":"HOME","item":"https:\/\/www.ecadstar.com\/de\/"},{"@type":"ListItem","position":2,"name":"QUALIT\u00c4T AUS TRADITION"}]},{"@type":"WebSite","@id":"https:\/\/www.ecadstar.com\/de\/#website","url":"https:\/\/www.ecadstar.com\/de\/","name":"Deutsch","description":"New Internet Connected PCB Design Platform","publisher":{"@id":"https:\/\/www.ecadstar.com\/de\/#organization"},"potentialAction":[{"@type":"SearchAction","target":{"@type":"EntryPoint","urlTemplate":"https:\/\/www.ecadstar.com\/de\/?s={search_term_string}"},"query-input":{"@type":"PropertyValueSpecification","valueRequired":true,"valueName":"search_term_string"}}],"inLanguage":"de-DE"},{"@type":"Organization","@id":"https:\/\/www.ecadstar.com\/de\/#organization","name":"eCADSTAR","url":"https:\/\/www.ecadstar.com\/de\/","logo":{"@type":"ImageObject","inLanguage":"de-DE","@id":"https:\/\/www.ecadstar.com\/de\/#\/schema\/logo\/image\/","url":"https:\/\/www.ecadstar.com\/de\/wp-content\/uploads\/sites\/5\/2019\/04\/eCADSTAR-square-icon-white-A.png","contentUrl":"https:\/\/www.ecadstar.com\/de\/wp-content\/uploads\/sites\/5\/2019\/04\/eCADSTAR-square-icon-white-A.png","width":512,"height":512,"caption":"eCADSTAR"},"image":{"@id":"https:\/\/www.ecadstar.com\/de\/#\/schema\/logo\/image\/"}}]}},"_links":{"self":[{"href":"https:\/\/www.ecadstar.com\/de\/wp-json\/wp\/v2\/pages\/6969","targetHints":{"allow":["GET"]}}],"collection":[{"href":"https:\/\/www.ecadstar.com\/de\/wp-json\/wp\/v2\/pages"}],"about":[{"href":"https:\/\/www.ecadstar.com\/de\/wp-json\/wp\/v2\/types\/page"}],"author":[{"embeddable":true,"href":"https:\/\/www.ecadstar.com\/de\/wp-json\/wp\/v2\/users\/10"}],"replies":[{"embeddable":true,"href":"https:\/\/www.ecadstar.com\/de\/wp-json\/wp\/v2\/comments?post=6969"}],"version-history":[{"count":0,"href":"https:\/\/www.ecadstar.com\/de\/wp-json\/wp\/v2\/pages\/6969\/revisions"}],"wp:attachment":[{"href":"https:\/\/www.ecadstar.com\/de\/wp-json\/wp\/v2\/media?parent=6969"}],"wp:term":[{"taxonomy":"category","embeddable":true,"href":"https:\/\/www.ecadstar.com\/de\/wp-json\/wp\/v2\/categories?post=6969"},{"taxonomy":"post_tag","embeddable":true,"href":"https:\/\/www.ecadstar.com\/de\/wp-json\/wp\/v2\/tags?post=6969"}],"curies":[{"name":"wp","href":"https:\/\/api.w.org\/{rel}","templated":true}]}}