{"id":11908,"date":"2019-08-13T20:00:51","date_gmt":"2019-08-13T19:00:51","guid":{"rendered":"https:\/\/ecadstar2.wpengine.com\/en\/manufacturing-data-copy\/"},"modified":"2023-05-31T14:16:07","modified_gmt":"2023-05-31T13:16:07","slug":"variation-component-browser","status":"publish","type":"page","link":"https:\/\/www.ecadstar.com\/fr\/variation-component-browser\/","title":{"rendered":"VARIATION ET NAVIGATEUR DE COMPOSANTS"},"content":{"rendered":"","protected":false},"excerpt":{"rendered":"","protected":false},"author":42,"featured_media":11636,"parent":0,"menu_order":0,"comment_status":"closed","ping_status":"closed","template":"","meta":{"_acf_changed":false,"footnotes":"","_links_to":"","_links_to_target":""},"categories":[],"tags":[],"class_list":["post-11908","page","type-page","status-publish","has-post-thumbnail","hentry"],"acf":[],"yoast_head":"<!-- This site is optimized with the Yoast SEO Premium plugin v27.1 (Yoast SEO v27.1.1) - https:\/\/yoast.com\/product\/yoast-seo-premium-wordpress\/ -->\n<title>VARIATION ET NAVIGATEUR DE COMPOSANTS &#8226; eCADSTAR<\/title>\n<meta name=\"robots\" content=\"index, follow, max-snippet:-1, max-image-preview:large, max-video-preview:-1\" \/>\n<link rel=\"canonical\" href=\"https:\/\/www.ecadstar.com\/fr\/variation-component-browser\/\" \/>\n<meta property=\"og:locale\" content=\"fr_FR\" \/>\n<meta property=\"og:type\" content=\"article\" \/>\n<meta property=\"og:title\" content=\"VARIATION ET NAVIGATEUR DE COMPOSANTS\" \/>\n<meta property=\"og:url\" content=\"https:\/\/www.ecadstar.com\/fr\/variation-component-browser\/\" \/>\n<meta property=\"og:site_name\" content=\"Fran\u00e7ais\" \/>\n<meta property=\"article:modified_time\" content=\"2023-05-31T13:16:07+00:00\" \/>\n<meta property=\"og:image\" content=\"https:\/\/www.ecadstar.com\/fr\/wp-content\/uploads\/sites\/4\/2019\/06\/Web-Lookup.png\" \/>\n\t<meta property=\"og:image:width\" content=\"1924\" \/>\n\t<meta property=\"og:image:height\" content=\"1000\" \/>\n\t<meta property=\"og:image:type\" content=\"image\/png\" \/>\n<meta name=\"twitter:card\" content=\"summary_large_image\" \/>\n<script type=\"application\/ld+json\" class=\"yoast-schema-graph\">{\"@context\":\"https:\/\/schema.org\",\"@graph\":[{\"@type\":\"WebPage\",\"@id\":\"https:\/\/www.ecadstar.com\/fr\/variation-component-browser\/\",\"url\":\"https:\/\/www.ecadstar.com\/fr\/variation-component-browser\/\",\"name\":\"VARIATION ET NAVIGATEUR DE COMPOSANTS &#8226; eCADSTAR\",\"isPartOf\":{\"@id\":\"https:\/\/www.ecadstar.com\/fr\/#website\"},\"primaryImageOfPage\":{\"@id\":\"https:\/\/www.ecadstar.com\/fr\/variation-component-browser\/#primaryimage\"},\"image\":{\"@id\":\"https:\/\/www.ecadstar.com\/fr\/variation-component-browser\/#primaryimage\"},\"thumbnailUrl\":\"https:\/\/www.ecadstar.com\/fr\/wp-content\/uploads\/sites\/4\/2019\/06\/Web-Lookup.png\",\"datePublished\":\"2019-08-13T19:00:51+00:00\",\"dateModified\":\"2023-05-31T13:16:07+00:00\",\"breadcrumb\":{\"@id\":\"https:\/\/www.ecadstar.com\/fr\/variation-component-browser\/#breadcrumb\"},\"inLanguage\":\"fr-FR\",\"potentialAction\":[{\"@type\":\"ReadAction\",\"target\":[\"https:\/\/www.ecadstar.com\/fr\/variation-component-browser\/\"]}]},{\"@type\":\"ImageObject\",\"inLanguage\":\"fr-FR\",\"@id\":\"https:\/\/www.ecadstar.com\/fr\/variation-component-browser\/#primaryimage\",\"url\":\"https:\/\/www.ecadstar.com\/fr\/wp-content\/uploads\/sites\/4\/2019\/06\/Web-Lookup.png\",\"contentUrl\":\"https:\/\/www.ecadstar.com\/fr\/wp-content\/uploads\/sites\/4\/2019\/06\/Web-Lookup.png\",\"width\":1924,\"height\":1000},{\"@type\":\"BreadcrumbList\",\"@id\":\"https:\/\/www.ecadstar.com\/fr\/variation-component-browser\/#breadcrumb\",\"itemListElement\":[{\"@type\":\"ListItem\",\"position\":1,\"name\":\"ACCUEIL\",\"item\":\"https:\/\/www.ecadstar.com\/fr\/\"},{\"@type\":\"ListItem\",\"position\":2,\"name\":\"VARIATION ET NAVIGATEUR DE COMPOSANTS\"}]},{\"@type\":\"WebSite\",\"@id\":\"https:\/\/www.ecadstar.com\/fr\/#website\",\"url\":\"https:\/\/www.ecadstar.com\/fr\/\",\"name\":\"Fran\u00e7ais\",\"description\":\"La nouvelle g\u00e9n\u00e9ration de logiciel de CAO \u00e9lectronique\",\"potentialAction\":[{\"@type\":\"SearchAction\",\"target\":{\"@type\":\"EntryPoint\",\"urlTemplate\":\"https:\/\/www.ecadstar.com\/fr\/?s={search_term_string}\"},\"query-input\":{\"@type\":\"PropertyValueSpecification\",\"valueRequired\":true,\"valueName\":\"search_term_string\"}}],\"inLanguage\":\"fr-FR\"}]}<\/script>\n<!-- \/ Yoast SEO Premium plugin. -->","yoast_head_json":{"title":"VARIATION ET NAVIGATEUR DE COMPOSANTS &#8226; eCADSTAR","robots":{"index":"index","follow":"follow","max-snippet":"max-snippet:-1","max-image-preview":"max-image-preview:large","max-video-preview":"max-video-preview:-1"},"canonical":"https:\/\/www.ecadstar.com\/fr\/variation-component-browser\/","og_locale":"fr_FR","og_type":"article","og_title":"VARIATION ET NAVIGATEUR DE COMPOSANTS","og_url":"https:\/\/www.ecadstar.com\/fr\/variation-component-browser\/","og_site_name":"Fran\u00e7ais","article_modified_time":"2023-05-31T13:16:07+00:00","og_image":[{"width":1924,"height":1000,"url":"https:\/\/www.ecadstar.com\/fr\/wp-content\/uploads\/sites\/4\/2019\/06\/Web-Lookup.png","type":"image\/png"}],"twitter_card":"summary_large_image","schema":{"@context":"https:\/\/schema.org","@graph":[{"@type":"WebPage","@id":"https:\/\/www.ecadstar.com\/fr\/variation-component-browser\/","url":"https:\/\/www.ecadstar.com\/fr\/variation-component-browser\/","name":"VARIATION ET NAVIGATEUR DE COMPOSANTS &#8226; eCADSTAR","isPartOf":{"@id":"https:\/\/www.ecadstar.com\/fr\/#website"},"primaryImageOfPage":{"@id":"https:\/\/www.ecadstar.com\/fr\/variation-component-browser\/#primaryimage"},"image":{"@id":"https:\/\/www.ecadstar.com\/fr\/variation-component-browser\/#primaryimage"},"thumbnailUrl":"https:\/\/www.ecadstar.com\/fr\/wp-content\/uploads\/sites\/4\/2019\/06\/Web-Lookup.png","datePublished":"2019-08-13T19:00:51+00:00","dateModified":"2023-05-31T13:16:07+00:00","breadcrumb":{"@id":"https:\/\/www.ecadstar.com\/fr\/variation-component-browser\/#breadcrumb"},"inLanguage":"fr-FR","potentialAction":[{"@type":"ReadAction","target":["https:\/\/www.ecadstar.com\/fr\/variation-component-browser\/"]}]},{"@type":"ImageObject","inLanguage":"fr-FR","@id":"https:\/\/www.ecadstar.com\/fr\/variation-component-browser\/#primaryimage","url":"https:\/\/www.ecadstar.com\/fr\/wp-content\/uploads\/sites\/4\/2019\/06\/Web-Lookup.png","contentUrl":"https:\/\/www.ecadstar.com\/fr\/wp-content\/uploads\/sites\/4\/2019\/06\/Web-Lookup.png","width":1924,"height":1000},{"@type":"BreadcrumbList","@id":"https:\/\/www.ecadstar.com\/fr\/variation-component-browser\/#breadcrumb","itemListElement":[{"@type":"ListItem","position":1,"name":"ACCUEIL","item":"https:\/\/www.ecadstar.com\/fr\/"},{"@type":"ListItem","position":2,"name":"VARIATION ET NAVIGATEUR DE COMPOSANTS"}]},{"@type":"WebSite","@id":"https:\/\/www.ecadstar.com\/fr\/#website","url":"https:\/\/www.ecadstar.com\/fr\/","name":"Fran\u00e7ais","description":"La nouvelle g\u00e9n\u00e9ration de logiciel de CAO \u00e9lectronique","potentialAction":[{"@type":"SearchAction","target":{"@type":"EntryPoint","urlTemplate":"https:\/\/www.ecadstar.com\/fr\/?s={search_term_string}"},"query-input":{"@type":"PropertyValueSpecification","valueRequired":true,"valueName":"search_term_string"}}],"inLanguage":"fr-FR"}]}},"_links":{"self":[{"href":"https:\/\/www.ecadstar.com\/fr\/wp-json\/wp\/v2\/pages\/11908","targetHints":{"allow":["GET"]}}],"collection":[{"href":"https:\/\/www.ecadstar.com\/fr\/wp-json\/wp\/v2\/pages"}],"about":[{"href":"https:\/\/www.ecadstar.com\/fr\/wp-json\/wp\/v2\/types\/page"}],"author":[{"embeddable":true,"href":"https:\/\/www.ecadstar.com\/fr\/wp-json\/wp\/v2\/users\/42"}],"replies":[{"embeddable":true,"href":"https:\/\/www.ecadstar.com\/fr\/wp-json\/wp\/v2\/comments?post=11908"}],"version-history":[{"count":0,"href":"https:\/\/www.ecadstar.com\/fr\/wp-json\/wp\/v2\/pages\/11908\/revisions"}],"wp:featuredmedia":[{"embeddable":true,"href":"https:\/\/www.ecadstar.com\/fr\/wp-json\/wp\/v2\/media\/11636"}],"wp:attachment":[{"href":"https:\/\/www.ecadstar.com\/fr\/wp-json\/wp\/v2\/media?parent=11908"}],"wp:term":[{"taxonomy":"category","embeddable":true,"href":"https:\/\/www.ecadstar.com\/fr\/wp-json\/wp\/v2\/categories?post=11908"},{"taxonomy":"post_tag","embeddable":true,"href":"https:\/\/www.ecadstar.com\/fr\/wp-json\/wp\/v2\/tags?post=11908"}],"curies":[{"name":"wp","href":"https:\/\/api.w.org\/{rel}","templated":true}]}}