{"id":12957,"date":"2020-07-03T08:50:14","date_gmt":"2020-07-03T07:50:14","guid":{"rendered":"https:\/\/www.ecadstar.com\/fr\/?page_id=12957"},"modified":"2023-08-01T10:47:14","modified_gmt":"2023-08-01T09:47:14","slug":"signal-integrity","status":"publish","type":"page","link":"https:\/\/www.ecadstar.com\/fr\/signal-integrity\/","title":{"rendered":"Signal Integrity"},"content":{"rendered":"","protected":false},"excerpt":{"rendered":"","protected":false},"author":90,"featured_media":12958,"parent":0,"menu_order":0,"comment_status":"closed","ping_status":"closed","template":"","meta":{"_acf_changed":false,"footnotes":"","_links_to":"","_links_to_target":""},"categories":[],"tags":[],"class_list":["post-12957","page","type-page","status-publish","has-post-thumbnail","hentry"],"acf":[],"yoast_head":"<!-- This site is optimized with the Yoast SEO Premium plugin v27.1 (Yoast SEO v27.1.1) - https:\/\/yoast.com\/product\/yoast-seo-premium-wordpress\/ -->\n<title>Signal Integrity (SI) | Version d&#039;analyse | eCADSTAR<\/title>\n<meta name=\"description\" content=\"Simulez, mesurez, partagez les r\u00e9sultats ind\u00e9pendamment de la conception des PCB. En savoir plus sur la nouvelle version d&#039;eCADSTAR, Signal Integrity.\" \/>\n<meta name=\"robots\" content=\"index, follow, max-snippet:-1, max-image-preview:large, max-video-preview:-1\" \/>\n<link rel=\"canonical\" href=\"https:\/\/www.ecadstar.com\/fr\/signal-integrity\/\" \/>\n<meta property=\"og:locale\" content=\"fr_FR\" \/>\n<meta property=\"og:type\" content=\"article\" \/>\n<meta property=\"og:title\" content=\"Signal Integrity\" \/>\n<meta property=\"og:description\" content=\"Simulez, mesurez, partagez les r\u00e9sultats ind\u00e9pendamment de la conception des PCB. En savoir plus sur la nouvelle version d&#039;eCADSTAR, Signal Integrity.\" \/>\n<meta property=\"og:url\" content=\"https:\/\/www.ecadstar.com\/fr\/signal-integrity\/\" \/>\n<meta property=\"og:site_name\" content=\"Fran\u00e7ais\" \/>\n<meta property=\"article:modified_time\" content=\"2023-08-01T09:47:14+00:00\" \/>\n<meta property=\"og:image\" content=\"https:\/\/www.ecadstar.com\/fr\/wp-content\/uploads\/sites\/4\/2020\/07\/Signal-Integrity-eCADSTAR-Banner.jpg\" \/>\n\t<meta property=\"og:image:width\" content=\"1920\" \/>\n\t<meta property=\"og:image:height\" content=\"500\" \/>\n\t<meta property=\"og:image:type\" content=\"image\/jpeg\" \/>\n<meta name=\"twitter:card\" content=\"summary_large_image\" \/>\n<script type=\"application\/ld+json\" class=\"yoast-schema-graph\">{\"@context\":\"https:\/\/schema.org\",\"@graph\":[{\"@type\":\"WebPage\",\"@id\":\"https:\/\/www.ecadstar.com\/fr\/signal-integrity\/\",\"url\":\"https:\/\/www.ecadstar.com\/fr\/signal-integrity\/\",\"name\":\"Signal Integrity (SI) | Version d'analyse | eCADSTAR\",\"isPartOf\":{\"@id\":\"https:\/\/www.ecadstar.com\/fr\/#website\"},\"primaryImageOfPage\":{\"@id\":\"https:\/\/www.ecadstar.com\/fr\/signal-integrity\/#primaryimage\"},\"image\":{\"@id\":\"https:\/\/www.ecadstar.com\/fr\/signal-integrity\/#primaryimage\"},\"thumbnailUrl\":\"https:\/\/www.ecadstar.com\/fr\/wp-content\/uploads\/sites\/4\/2020\/07\/Signal-Integrity-eCADSTAR-Banner.jpg\",\"datePublished\":\"2020-07-03T07:50:14+00:00\",\"dateModified\":\"2023-08-01T09:47:14+00:00\",\"description\":\"Simulez, mesurez, partagez les r\u00e9sultats ind\u00e9pendamment de la conception des PCB. En savoir plus sur la nouvelle version d'eCADSTAR, Signal Integrity.\",\"breadcrumb\":{\"@id\":\"https:\/\/www.ecadstar.com\/fr\/signal-integrity\/#breadcrumb\"},\"inLanguage\":\"fr-FR\",\"potentialAction\":[{\"@type\":\"ReadAction\",\"target\":[\"https:\/\/www.ecadstar.com\/fr\/signal-integrity\/\"]}]},{\"@type\":\"ImageObject\",\"inLanguage\":\"fr-FR\",\"@id\":\"https:\/\/www.ecadstar.com\/fr\/signal-integrity\/#primaryimage\",\"url\":\"https:\/\/www.ecadstar.com\/fr\/wp-content\/uploads\/sites\/4\/2020\/07\/Signal-Integrity-eCADSTAR-Banner.jpg\",\"contentUrl\":\"https:\/\/www.ecadstar.com\/fr\/wp-content\/uploads\/sites\/4\/2020\/07\/Signal-Integrity-eCADSTAR-Banner.jpg\",\"width\":1920,\"height\":500,\"caption\":\"signal integrity eCADSTAR 2020 Release\"},{\"@type\":\"BreadcrumbList\",\"@id\":\"https:\/\/www.ecadstar.com\/fr\/signal-integrity\/#breadcrumb\",\"itemListElement\":[{\"@type\":\"ListItem\",\"position\":1,\"name\":\"ACCUEIL\",\"item\":\"https:\/\/www.ecadstar.com\/fr\/\"},{\"@type\":\"ListItem\",\"position\":2,\"name\":\"Signal Integrity\"}]},{\"@type\":\"WebSite\",\"@id\":\"https:\/\/www.ecadstar.com\/fr\/#website\",\"url\":\"https:\/\/www.ecadstar.com\/fr\/\",\"name\":\"Fran\u00e7ais\",\"description\":\"La nouvelle g\u00e9n\u00e9ration de logiciel de CAO \u00e9lectronique\",\"potentialAction\":[{\"@type\":\"SearchAction\",\"target\":{\"@type\":\"EntryPoint\",\"urlTemplate\":\"https:\/\/www.ecadstar.com\/fr\/?s={search_term_string}\"},\"query-input\":{\"@type\":\"PropertyValueSpecification\",\"valueRequired\":true,\"valueName\":\"search_term_string\"}}],\"inLanguage\":\"fr-FR\"}]}<\/script>\n<!-- \/ Yoast SEO Premium plugin. -->","yoast_head_json":{"title":"Signal Integrity (SI) | Version d'analyse | eCADSTAR","description":"Simulez, mesurez, partagez les r\u00e9sultats ind\u00e9pendamment de la conception des PCB. En savoir plus sur la nouvelle version d'eCADSTAR, Signal Integrity.","robots":{"index":"index","follow":"follow","max-snippet":"max-snippet:-1","max-image-preview":"max-image-preview:large","max-video-preview":"max-video-preview:-1"},"canonical":"https:\/\/www.ecadstar.com\/fr\/signal-integrity\/","og_locale":"fr_FR","og_type":"article","og_title":"Signal Integrity","og_description":"Simulez, mesurez, partagez les r\u00e9sultats ind\u00e9pendamment de la conception des PCB. En savoir plus sur la nouvelle version d'eCADSTAR, Signal Integrity.","og_url":"https:\/\/www.ecadstar.com\/fr\/signal-integrity\/","og_site_name":"Fran\u00e7ais","article_modified_time":"2023-08-01T09:47:14+00:00","og_image":[{"width":1920,"height":500,"url":"https:\/\/www.ecadstar.com\/fr\/wp-content\/uploads\/sites\/4\/2020\/07\/Signal-Integrity-eCADSTAR-Banner.jpg","type":"image\/jpeg"}],"twitter_card":"summary_large_image","schema":{"@context":"https:\/\/schema.org","@graph":[{"@type":"WebPage","@id":"https:\/\/www.ecadstar.com\/fr\/signal-integrity\/","url":"https:\/\/www.ecadstar.com\/fr\/signal-integrity\/","name":"Signal Integrity (SI) | Version d'analyse | eCADSTAR","isPartOf":{"@id":"https:\/\/www.ecadstar.com\/fr\/#website"},"primaryImageOfPage":{"@id":"https:\/\/www.ecadstar.com\/fr\/signal-integrity\/#primaryimage"},"image":{"@id":"https:\/\/www.ecadstar.com\/fr\/signal-integrity\/#primaryimage"},"thumbnailUrl":"https:\/\/www.ecadstar.com\/fr\/wp-content\/uploads\/sites\/4\/2020\/07\/Signal-Integrity-eCADSTAR-Banner.jpg","datePublished":"2020-07-03T07:50:14+00:00","dateModified":"2023-08-01T09:47:14+00:00","description":"Simulez, mesurez, partagez les r\u00e9sultats ind\u00e9pendamment de la conception des PCB. En savoir plus sur la nouvelle version d'eCADSTAR, Signal Integrity.","breadcrumb":{"@id":"https:\/\/www.ecadstar.com\/fr\/signal-integrity\/#breadcrumb"},"inLanguage":"fr-FR","potentialAction":[{"@type":"ReadAction","target":["https:\/\/www.ecadstar.com\/fr\/signal-integrity\/"]}]},{"@type":"ImageObject","inLanguage":"fr-FR","@id":"https:\/\/www.ecadstar.com\/fr\/signal-integrity\/#primaryimage","url":"https:\/\/www.ecadstar.com\/fr\/wp-content\/uploads\/sites\/4\/2020\/07\/Signal-Integrity-eCADSTAR-Banner.jpg","contentUrl":"https:\/\/www.ecadstar.com\/fr\/wp-content\/uploads\/sites\/4\/2020\/07\/Signal-Integrity-eCADSTAR-Banner.jpg","width":1920,"height":500,"caption":"signal integrity eCADSTAR 2020 Release"},{"@type":"BreadcrumbList","@id":"https:\/\/www.ecadstar.com\/fr\/signal-integrity\/#breadcrumb","itemListElement":[{"@type":"ListItem","position":1,"name":"ACCUEIL","item":"https:\/\/www.ecadstar.com\/fr\/"},{"@type":"ListItem","position":2,"name":"Signal Integrity"}]},{"@type":"WebSite","@id":"https:\/\/www.ecadstar.com\/fr\/#website","url":"https:\/\/www.ecadstar.com\/fr\/","name":"Fran\u00e7ais","description":"La nouvelle g\u00e9n\u00e9ration de logiciel de CAO \u00e9lectronique","potentialAction":[{"@type":"SearchAction","target":{"@type":"EntryPoint","urlTemplate":"https:\/\/www.ecadstar.com\/fr\/?s={search_term_string}"},"query-input":{"@type":"PropertyValueSpecification","valueRequired":true,"valueName":"search_term_string"}}],"inLanguage":"fr-FR"}]}},"_links":{"self":[{"href":"https:\/\/www.ecadstar.com\/fr\/wp-json\/wp\/v2\/pages\/12957","targetHints":{"allow":["GET"]}}],"collection":[{"href":"https:\/\/www.ecadstar.com\/fr\/wp-json\/wp\/v2\/pages"}],"about":[{"href":"https:\/\/www.ecadstar.com\/fr\/wp-json\/wp\/v2\/types\/page"}],"author":[{"embeddable":true,"href":"https:\/\/www.ecadstar.com\/fr\/wp-json\/wp\/v2\/users\/90"}],"replies":[{"embeddable":true,"href":"https:\/\/www.ecadstar.com\/fr\/wp-json\/wp\/v2\/comments?post=12957"}],"version-history":[{"count":0,"href":"https:\/\/www.ecadstar.com\/fr\/wp-json\/wp\/v2\/pages\/12957\/revisions"}],"wp:featuredmedia":[{"embeddable":true,"href":"https:\/\/www.ecadstar.com\/fr\/wp-json\/wp\/v2\/media\/12958"}],"wp:attachment":[{"href":"https:\/\/www.ecadstar.com\/fr\/wp-json\/wp\/v2\/media?parent=12957"}],"wp:term":[{"taxonomy":"category","embeddable":true,"href":"https:\/\/www.ecadstar.com\/fr\/wp-json\/wp\/v2\/categories?post=12957"},{"taxonomy":"post_tag","embeddable":true,"href":"https:\/\/www.ecadstar.com\/fr\/wp-json\/wp\/v2\/tags?post=12957"}],"curies":[{"name":"wp","href":"https:\/\/api.w.org\/{rel}","templated":true}]}}