{"id":12962,"date":"2020-07-03T10:25:52","date_gmt":"2020-07-03T09:25:52","guid":{"rendered":"https:\/\/www.ecadstar.com\/fr\/?page_id=12962"},"modified":"2023-05-31T14:33:16","modified_gmt":"2023-05-31T13:33:16","slug":"power-integrity-and-emi","status":"publish","type":"page","link":"https:\/\/www.ecadstar.com\/fr\/power-integrity-and-emi\/","title":{"rendered":"POWER INTEGRITY AND EMI"},"content":{"rendered":"","protected":false},"excerpt":{"rendered":"","protected":false},"author":90,"featured_media":0,"parent":0,"menu_order":0,"comment_status":"closed","ping_status":"closed","template":"","meta":{"_acf_changed":false,"footnotes":"","_links_to":"","_links_to_target":""},"categories":[],"tags":[],"class_list":["post-12962","page","type-page","status-publish","hentry"],"acf":[],"yoast_head":"<!-- This site is optimized with the Yoast SEO Premium plugin v27.1 (Yoast SEO v27.1.1) - https:\/\/yoast.com\/product\/yoast-seo-premium-wordpress\/ -->\n<title>Power Integrity (PI) | Version D&#039;analyse | eCADSTAR<\/title>\n<meta name=\"description\" content=\"Pour des revues de conception efficaces, vous avez besoin de preuves. Les analyses PI et EMI produisent des r\u00e9sultats que vous pouvez...\" \/>\n<meta name=\"robots\" content=\"index, follow, max-snippet:-1, max-image-preview:large, max-video-preview:-1\" \/>\n<link rel=\"canonical\" href=\"https:\/\/www.ecadstar.com\/fr\/power-integrity-and-emi\/\" \/>\n<meta property=\"og:locale\" content=\"fr_FR\" \/>\n<meta property=\"og:type\" content=\"article\" \/>\n<meta property=\"og:title\" content=\"POWER INTEGRITY AND EMI\" \/>\n<meta property=\"og:description\" content=\"Pour des revues de conception efficaces, vous avez besoin de preuves. Les analyses PI et EMI produisent des r\u00e9sultats que vous pouvez...\" \/>\n<meta property=\"og:url\" content=\"https:\/\/www.ecadstar.com\/fr\/power-integrity-and-emi\/\" \/>\n<meta property=\"og:site_name\" content=\"Fran\u00e7ais\" \/>\n<meta property=\"article:modified_time\" content=\"2023-05-31T13:33:16+00:00\" \/>\n<meta name=\"twitter:card\" content=\"summary_large_image\" \/>\n<script type=\"application\/ld+json\" class=\"yoast-schema-graph\">{\"@context\":\"https:\/\/schema.org\",\"@graph\":[{\"@type\":\"WebPage\",\"@id\":\"https:\/\/www.ecadstar.com\/fr\/power-integrity-and-emi\/\",\"url\":\"https:\/\/www.ecadstar.com\/fr\/power-integrity-and-emi\/\",\"name\":\"Power Integrity (PI) | Version D'analyse | eCADSTAR\",\"isPartOf\":{\"@id\":\"https:\/\/www.ecadstar.com\/fr\/#website\"},\"datePublished\":\"2020-07-03T09:25:52+00:00\",\"dateModified\":\"2023-05-31T13:33:16+00:00\",\"description\":\"Pour des revues de conception efficaces, vous avez besoin de preuves. Les analyses PI et EMI produisent des r\u00e9sultats que vous pouvez...\",\"breadcrumb\":{\"@id\":\"https:\/\/www.ecadstar.com\/fr\/power-integrity-and-emi\/#breadcrumb\"},\"inLanguage\":\"fr-FR\",\"potentialAction\":[{\"@type\":\"ReadAction\",\"target\":[\"https:\/\/www.ecadstar.com\/fr\/power-integrity-and-emi\/\"]}]},{\"@type\":\"BreadcrumbList\",\"@id\":\"https:\/\/www.ecadstar.com\/fr\/power-integrity-and-emi\/#breadcrumb\",\"itemListElement\":[{\"@type\":\"ListItem\",\"position\":1,\"name\":\"ACCUEIL\",\"item\":\"https:\/\/www.ecadstar.com\/fr\/\"},{\"@type\":\"ListItem\",\"position\":2,\"name\":\"POWER INTEGRITY AND EMI\"}]},{\"@type\":\"WebSite\",\"@id\":\"https:\/\/www.ecadstar.com\/fr\/#website\",\"url\":\"https:\/\/www.ecadstar.com\/fr\/\",\"name\":\"Fran\u00e7ais\",\"description\":\"La nouvelle g\u00e9n\u00e9ration de logiciel de CAO \u00e9lectronique\",\"potentialAction\":[{\"@type\":\"SearchAction\",\"target\":{\"@type\":\"EntryPoint\",\"urlTemplate\":\"https:\/\/www.ecadstar.com\/fr\/?s={search_term_string}\"},\"query-input\":{\"@type\":\"PropertyValueSpecification\",\"valueRequired\":true,\"valueName\":\"search_term_string\"}}],\"inLanguage\":\"fr-FR\"}]}<\/script>\n<!-- \/ Yoast SEO Premium plugin. -->","yoast_head_json":{"title":"Power Integrity (PI) | Version D'analyse | eCADSTAR","description":"Pour des revues de conception efficaces, vous avez besoin de preuves. Les analyses PI et EMI produisent des r\u00e9sultats que vous pouvez...","robots":{"index":"index","follow":"follow","max-snippet":"max-snippet:-1","max-image-preview":"max-image-preview:large","max-video-preview":"max-video-preview:-1"},"canonical":"https:\/\/www.ecadstar.com\/fr\/power-integrity-and-emi\/","og_locale":"fr_FR","og_type":"article","og_title":"POWER INTEGRITY AND EMI","og_description":"Pour des revues de conception efficaces, vous avez besoin de preuves. Les analyses PI et EMI produisent des r\u00e9sultats que vous pouvez...","og_url":"https:\/\/www.ecadstar.com\/fr\/power-integrity-and-emi\/","og_site_name":"Fran\u00e7ais","article_modified_time":"2023-05-31T13:33:16+00:00","twitter_card":"summary_large_image","schema":{"@context":"https:\/\/schema.org","@graph":[{"@type":"WebPage","@id":"https:\/\/www.ecadstar.com\/fr\/power-integrity-and-emi\/","url":"https:\/\/www.ecadstar.com\/fr\/power-integrity-and-emi\/","name":"Power Integrity (PI) | Version D'analyse | eCADSTAR","isPartOf":{"@id":"https:\/\/www.ecadstar.com\/fr\/#website"},"datePublished":"2020-07-03T09:25:52+00:00","dateModified":"2023-05-31T13:33:16+00:00","description":"Pour des revues de conception efficaces, vous avez besoin de preuves. Les analyses PI et EMI produisent des r\u00e9sultats que vous pouvez...","breadcrumb":{"@id":"https:\/\/www.ecadstar.com\/fr\/power-integrity-and-emi\/#breadcrumb"},"inLanguage":"fr-FR","potentialAction":[{"@type":"ReadAction","target":["https:\/\/www.ecadstar.com\/fr\/power-integrity-and-emi\/"]}]},{"@type":"BreadcrumbList","@id":"https:\/\/www.ecadstar.com\/fr\/power-integrity-and-emi\/#breadcrumb","itemListElement":[{"@type":"ListItem","position":1,"name":"ACCUEIL","item":"https:\/\/www.ecadstar.com\/fr\/"},{"@type":"ListItem","position":2,"name":"POWER INTEGRITY AND EMI"}]},{"@type":"WebSite","@id":"https:\/\/www.ecadstar.com\/fr\/#website","url":"https:\/\/www.ecadstar.com\/fr\/","name":"Fran\u00e7ais","description":"La nouvelle g\u00e9n\u00e9ration de logiciel de CAO \u00e9lectronique","potentialAction":[{"@type":"SearchAction","target":{"@type":"EntryPoint","urlTemplate":"https:\/\/www.ecadstar.com\/fr\/?s={search_term_string}"},"query-input":{"@type":"PropertyValueSpecification","valueRequired":true,"valueName":"search_term_string"}}],"inLanguage":"fr-FR"}]}},"_links":{"self":[{"href":"https:\/\/www.ecadstar.com\/fr\/wp-json\/wp\/v2\/pages\/12962","targetHints":{"allow":["GET"]}}],"collection":[{"href":"https:\/\/www.ecadstar.com\/fr\/wp-json\/wp\/v2\/pages"}],"about":[{"href":"https:\/\/www.ecadstar.com\/fr\/wp-json\/wp\/v2\/types\/page"}],"author":[{"embeddable":true,"href":"https:\/\/www.ecadstar.com\/fr\/wp-json\/wp\/v2\/users\/90"}],"replies":[{"embeddable":true,"href":"https:\/\/www.ecadstar.com\/fr\/wp-json\/wp\/v2\/comments?post=12962"}],"version-history":[{"count":0,"href":"https:\/\/www.ecadstar.com\/fr\/wp-json\/wp\/v2\/pages\/12962\/revisions"}],"wp:attachment":[{"href":"https:\/\/www.ecadstar.com\/fr\/wp-json\/wp\/v2\/media?parent=12962"}],"wp:term":[{"taxonomy":"category","embeddable":true,"href":"https:\/\/www.ecadstar.com\/fr\/wp-json\/wp\/v2\/categories?post=12962"},{"taxonomy":"post_tag","embeddable":true,"href":"https:\/\/www.ecadstar.com\/fr\/wp-json\/wp\/v2\/tags?post=12962"}],"curies":[{"name":"wp","href":"https:\/\/api.w.org\/{rel}","templated":true}]}}