{"id":13548,"date":"2021-05-21T10:14:35","date_gmt":"2021-05-21T09:14:35","guid":{"rendered":"https:\/\/www.ecadstar.com\/fr\/?page_id=13548"},"modified":"2023-05-31T15:15:32","modified_gmt":"2023-05-31T14:15:32","slug":"reseller-for-ecadstar","status":"publish","type":"page","link":"https:\/\/www.ecadstar.com\/fr\/reseller-for-ecadstar\/","title":{"rendered":"Reseller for eCADSTAR"},"content":{"rendered":"","protected":false},"excerpt":{"rendered":"","protected":false},"author":90,"featured_media":0,"parent":0,"menu_order":0,"comment_status":"closed","ping_status":"closed","template":"","meta":{"_acf_changed":false,"footnotes":"","_links_to":"","_links_to_target":""},"categories":[],"tags":[],"class_list":["post-13548","page","type-page","status-publish","hentry"],"acf":[],"yoast_head":"<!-- This site is optimized with the Yoast SEO Premium plugin v27.1 (Yoast SEO v27.1.1) - https:\/\/yoast.com\/product\/yoast-seo-premium-wordpress\/ -->\n<title>Reseller for eCADSTAR &#8226; eCADSTAR<\/title>\n<meta name=\"robots\" content=\"index, follow, max-snippet:-1, max-image-preview:large, max-video-preview:-1\" \/>\n<link rel=\"canonical\" href=\"https:\/\/www.ecadstar.com\/fr\/reseller-for-ecadstar\/\" \/>\n<meta property=\"og:locale\" content=\"fr_FR\" \/>\n<meta property=\"og:type\" content=\"article\" \/>\n<meta property=\"og:title\" content=\"Reseller for eCADSTAR\" \/>\n<meta property=\"og:url\" content=\"https:\/\/www.ecadstar.com\/fr\/reseller-for-ecadstar\/\" \/>\n<meta property=\"og:site_name\" content=\"Fran\u00e7ais\" \/>\n<meta property=\"article:modified_time\" content=\"2023-05-31T14:15:32+00:00\" \/>\n<meta name=\"twitter:card\" content=\"summary_large_image\" \/>\n<script type=\"application\/ld+json\" class=\"yoast-schema-graph\">{\"@context\":\"https:\/\/schema.org\",\"@graph\":[{\"@type\":\"WebPage\",\"@id\":\"https:\/\/www.ecadstar.com\/fr\/reseller-for-ecadstar\/\",\"url\":\"https:\/\/www.ecadstar.com\/fr\/reseller-for-ecadstar\/\",\"name\":\"Reseller for eCADSTAR &#8226; eCADSTAR\",\"isPartOf\":{\"@id\":\"https:\/\/www.ecadstar.com\/fr\/#website\"},\"datePublished\":\"2021-05-21T09:14:35+00:00\",\"dateModified\":\"2023-05-31T14:15:32+00:00\",\"breadcrumb\":{\"@id\":\"https:\/\/www.ecadstar.com\/fr\/reseller-for-ecadstar\/#breadcrumb\"},\"inLanguage\":\"fr-FR\",\"potentialAction\":[{\"@type\":\"ReadAction\",\"target\":[\"https:\/\/www.ecadstar.com\/fr\/reseller-for-ecadstar\/\"]}]},{\"@type\":\"BreadcrumbList\",\"@id\":\"https:\/\/www.ecadstar.com\/fr\/reseller-for-ecadstar\/#breadcrumb\",\"itemListElement\":[{\"@type\":\"ListItem\",\"position\":1,\"name\":\"ACCUEIL\",\"item\":\"https:\/\/www.ecadstar.com\/fr\/\"},{\"@type\":\"ListItem\",\"position\":2,\"name\":\"Reseller for eCADSTAR\"}]},{\"@type\":\"WebSite\",\"@id\":\"https:\/\/www.ecadstar.com\/fr\/#website\",\"url\":\"https:\/\/www.ecadstar.com\/fr\/\",\"name\":\"Fran\u00e7ais\",\"description\":\"La nouvelle g\u00e9n\u00e9ration de logiciel de CAO \u00e9lectronique\",\"potentialAction\":[{\"@type\":\"SearchAction\",\"target\":{\"@type\":\"EntryPoint\",\"urlTemplate\":\"https:\/\/www.ecadstar.com\/fr\/?s={search_term_string}\"},\"query-input\":{\"@type\":\"PropertyValueSpecification\",\"valueRequired\":true,\"valueName\":\"search_term_string\"}}],\"inLanguage\":\"fr-FR\"}]}<\/script>\n<!-- \/ Yoast SEO Premium plugin. -->","yoast_head_json":{"title":"Reseller for eCADSTAR &#8226; eCADSTAR","robots":{"index":"index","follow":"follow","max-snippet":"max-snippet:-1","max-image-preview":"max-image-preview:large","max-video-preview":"max-video-preview:-1"},"canonical":"https:\/\/www.ecadstar.com\/fr\/reseller-for-ecadstar\/","og_locale":"fr_FR","og_type":"article","og_title":"Reseller for eCADSTAR","og_url":"https:\/\/www.ecadstar.com\/fr\/reseller-for-ecadstar\/","og_site_name":"Fran\u00e7ais","article_modified_time":"2023-05-31T14:15:32+00:00","twitter_card":"summary_large_image","schema":{"@context":"https:\/\/schema.org","@graph":[{"@type":"WebPage","@id":"https:\/\/www.ecadstar.com\/fr\/reseller-for-ecadstar\/","url":"https:\/\/www.ecadstar.com\/fr\/reseller-for-ecadstar\/","name":"Reseller for eCADSTAR &#8226; eCADSTAR","isPartOf":{"@id":"https:\/\/www.ecadstar.com\/fr\/#website"},"datePublished":"2021-05-21T09:14:35+00:00","dateModified":"2023-05-31T14:15:32+00:00","breadcrumb":{"@id":"https:\/\/www.ecadstar.com\/fr\/reseller-for-ecadstar\/#breadcrumb"},"inLanguage":"fr-FR","potentialAction":[{"@type":"ReadAction","target":["https:\/\/www.ecadstar.com\/fr\/reseller-for-ecadstar\/"]}]},{"@type":"BreadcrumbList","@id":"https:\/\/www.ecadstar.com\/fr\/reseller-for-ecadstar\/#breadcrumb","itemListElement":[{"@type":"ListItem","position":1,"name":"ACCUEIL","item":"https:\/\/www.ecadstar.com\/fr\/"},{"@type":"ListItem","position":2,"name":"Reseller for eCADSTAR"}]},{"@type":"WebSite","@id":"https:\/\/www.ecadstar.com\/fr\/#website","url":"https:\/\/www.ecadstar.com\/fr\/","name":"Fran\u00e7ais","description":"La nouvelle g\u00e9n\u00e9ration de logiciel de CAO \u00e9lectronique","potentialAction":[{"@type":"SearchAction","target":{"@type":"EntryPoint","urlTemplate":"https:\/\/www.ecadstar.com\/fr\/?s={search_term_string}"},"query-input":{"@type":"PropertyValueSpecification","valueRequired":true,"valueName":"search_term_string"}}],"inLanguage":"fr-FR"}]}},"_links":{"self":[{"href":"https:\/\/www.ecadstar.com\/fr\/wp-json\/wp\/v2\/pages\/13548","targetHints":{"allow":["GET"]}}],"collection":[{"href":"https:\/\/www.ecadstar.com\/fr\/wp-json\/wp\/v2\/pages"}],"about":[{"href":"https:\/\/www.ecadstar.com\/fr\/wp-json\/wp\/v2\/types\/page"}],"author":[{"embeddable":true,"href":"https:\/\/www.ecadstar.com\/fr\/wp-json\/wp\/v2\/users\/90"}],"replies":[{"embeddable":true,"href":"https:\/\/www.ecadstar.com\/fr\/wp-json\/wp\/v2\/comments?post=13548"}],"version-history":[{"count":0,"href":"https:\/\/www.ecadstar.com\/fr\/wp-json\/wp\/v2\/pages\/13548\/revisions"}],"wp:attachment":[{"href":"https:\/\/www.ecadstar.com\/fr\/wp-json\/wp\/v2\/media?parent=13548"}],"wp:term":[{"taxonomy":"category","embeddable":true,"href":"https:\/\/www.ecadstar.com\/fr\/wp-json\/wp\/v2\/categories?post=13548"},{"taxonomy":"post_tag","embeddable":true,"href":"https:\/\/www.ecadstar.com\/fr\/wp-json\/wp\/v2\/tags?post=13548"}],"curies":[{"name":"wp","href":"https:\/\/api.w.org\/{rel}","templated":true}]}}