{"id":9613,"date":"2019-03-08T14:05:15","date_gmt":"2019-03-08T14:05:15","guid":{"rendered":"https:\/\/ecadstar2.wpengine.com\/en\/?page_id=9613"},"modified":"2023-05-31T14:05:33","modified_gmt":"2023-05-31T13:05:33","slug":"fair-processing-notice","status":"publish","type":"page","link":"https:\/\/www.ecadstar.com\/fr\/fair-processing-notice\/","title":{"rendered":"FAIR PROCESSING NOTICE"},"content":{"rendered":"","protected":false},"excerpt":{"rendered":"<p>test<\/p>\n","protected":false},"author":10,"featured_media":0,"parent":0,"menu_order":0,"comment_status":"closed","ping_status":"closed","template":"","meta":{"_acf_changed":false,"footnotes":"","_links_to":"","_links_to_target":""},"class_list":["post-9613","page","type-page","status-publish","hentry"],"acf":[],"yoast_head":"<!-- This site is optimized with the Yoast SEO Premium plugin v27.5 (Yoast SEO v27.5) - https:\/\/yoast.com\/product\/yoast-seo-premium-wordpress\/ -->\n<title>FAIR PROCESSING NOTICE &#8226; eCADSTAR<\/title>\n<meta name=\"description\" content=\"Nous veillerons toujours \u00e0 ce que les donn\u00e9es personnelles soient prot\u00e9g\u00e9es et trait\u00e9es en toute s\u00e9curit\u00e9.\" \/>\n<meta name=\"robots\" content=\"index, follow, max-snippet:-1, max-image-preview:large, max-video-preview:-1\" \/>\n<link rel=\"canonical\" href=\"https:\/\/www.ecadstar.com\/fr\/fair-processing-notice\/\" \/>\n<meta property=\"og:locale\" content=\"fr_FR\" \/>\n<meta property=\"og:type\" content=\"article\" \/>\n<meta property=\"og:title\" content=\"FAIR PROCESSING NOTICE\" \/>\n<meta property=\"og:description\" content=\"Nous veillerons toujours \u00e0 ce que les donn\u00e9es personnelles soient prot\u00e9g\u00e9es et trait\u00e9es en toute s\u00e9curit\u00e9.\" \/>\n<meta property=\"og:url\" content=\"https:\/\/www.ecadstar.com\/fr\/fair-processing-notice\/\" \/>\n<meta property=\"og:site_name\" content=\"Fran\u00e7ais\" \/>\n<meta property=\"article:modified_time\" content=\"2023-05-31T13:05:33+00:00\" \/>\n<meta name=\"twitter:card\" content=\"summary_large_image\" \/>\n<script type=\"application\/ld+json\" class=\"yoast-schema-graph\">{\"@context\":\"https:\\\/\\\/schema.org\",\"@graph\":[{\"@type\":\"WebPage\",\"@id\":\"https:\\\/\\\/www.ecadstar.com\\\/fr\\\/fair-processing-notice\\\/\",\"url\":\"https:\\\/\\\/www.ecadstar.com\\\/fr\\\/fair-processing-notice\\\/\",\"name\":\"FAIR PROCESSING NOTICE &#8226; eCADSTAR\",\"isPartOf\":{\"@id\":\"https:\\\/\\\/www.ecadstar.com\\\/fr\\\/#website\"},\"datePublished\":\"2019-03-08T14:05:15+00:00\",\"dateModified\":\"2023-05-31T13:05:33+00:00\",\"description\":\"Nous veillerons toujours \u00e0 ce que les donn\u00e9es personnelles soient prot\u00e9g\u00e9es et trait\u00e9es en toute s\u00e9curit\u00e9.\",\"breadcrumb\":{\"@id\":\"https:\\\/\\\/www.ecadstar.com\\\/fr\\\/fair-processing-notice\\\/#breadcrumb\"},\"inLanguage\":\"fr-FR\",\"potentialAction\":[{\"@type\":\"ReadAction\",\"target\":[\"https:\\\/\\\/www.ecadstar.com\\\/fr\\\/fair-processing-notice\\\/\"]}]},{\"@type\":\"BreadcrumbList\",\"@id\":\"https:\\\/\\\/www.ecadstar.com\\\/fr\\\/fair-processing-notice\\\/#breadcrumb\",\"itemListElement\":[{\"@type\":\"ListItem\",\"position\":1,\"name\":\"ACCUEIL\",\"item\":\"https:\\\/\\\/www.ecadstar.com\\\/fr\\\/\"},{\"@type\":\"ListItem\",\"position\":2,\"name\":\"FAIR PROCESSING NOTICE\"}]},{\"@type\":\"WebSite\",\"@id\":\"https:\\\/\\\/www.ecadstar.com\\\/fr\\\/#website\",\"url\":\"https:\\\/\\\/www.ecadstar.com\\\/fr\\\/\",\"name\":\"Fran\u00e7ais\",\"description\":\"La nouvelle g\u00e9n\u00e9ration de logiciel de CAO \u00e9lectronique\",\"potentialAction\":[{\"@type\":\"SearchAction\",\"target\":{\"@type\":\"EntryPoint\",\"urlTemplate\":\"https:\\\/\\\/www.ecadstar.com\\\/fr\\\/?s={search_term_string}\"},\"query-input\":{\"@type\":\"PropertyValueSpecification\",\"valueRequired\":true,\"valueName\":\"search_term_string\"}}],\"inLanguage\":\"fr-FR\"}]}<\/script>\n<!-- \/ Yoast SEO Premium plugin. -->","yoast_head_json":{"title":"FAIR PROCESSING NOTICE &#8226; eCADSTAR","description":"Nous veillerons toujours \u00e0 ce que les donn\u00e9es personnelles soient prot\u00e9g\u00e9es et trait\u00e9es en toute s\u00e9curit\u00e9.","robots":{"index":"index","follow":"follow","max-snippet":"max-snippet:-1","max-image-preview":"max-image-preview:large","max-video-preview":"max-video-preview:-1"},"canonical":"https:\/\/www.ecadstar.com\/fr\/fair-processing-notice\/","og_locale":"fr_FR","og_type":"article","og_title":"FAIR PROCESSING NOTICE","og_description":"Nous veillerons toujours \u00e0 ce que les donn\u00e9es personnelles soient prot\u00e9g\u00e9es et trait\u00e9es en toute s\u00e9curit\u00e9.","og_url":"https:\/\/www.ecadstar.com\/fr\/fair-processing-notice\/","og_site_name":"Fran\u00e7ais","article_modified_time":"2023-05-31T13:05:33+00:00","twitter_card":"summary_large_image","schema":{"@context":"https:\/\/schema.org","@graph":[{"@type":"WebPage","@id":"https:\/\/www.ecadstar.com\/fr\/fair-processing-notice\/","url":"https:\/\/www.ecadstar.com\/fr\/fair-processing-notice\/","name":"FAIR PROCESSING NOTICE &#8226; eCADSTAR","isPartOf":{"@id":"https:\/\/www.ecadstar.com\/fr\/#website"},"datePublished":"2019-03-08T14:05:15+00:00","dateModified":"2023-05-31T13:05:33+00:00","description":"Nous veillerons toujours \u00e0 ce que les donn\u00e9es personnelles soient prot\u00e9g\u00e9es et trait\u00e9es en toute s\u00e9curit\u00e9.","breadcrumb":{"@id":"https:\/\/www.ecadstar.com\/fr\/fair-processing-notice\/#breadcrumb"},"inLanguage":"fr-FR","potentialAction":[{"@type":"ReadAction","target":["https:\/\/www.ecadstar.com\/fr\/fair-processing-notice\/"]}]},{"@type":"BreadcrumbList","@id":"https:\/\/www.ecadstar.com\/fr\/fair-processing-notice\/#breadcrumb","itemListElement":[{"@type":"ListItem","position":1,"name":"ACCUEIL","item":"https:\/\/www.ecadstar.com\/fr\/"},{"@type":"ListItem","position":2,"name":"FAIR PROCESSING NOTICE"}]},{"@type":"WebSite","@id":"https:\/\/www.ecadstar.com\/fr\/#website","url":"https:\/\/www.ecadstar.com\/fr\/","name":"Fran\u00e7ais","description":"La nouvelle g\u00e9n\u00e9ration de logiciel de CAO \u00e9lectronique","potentialAction":[{"@type":"SearchAction","target":{"@type":"EntryPoint","urlTemplate":"https:\/\/www.ecadstar.com\/fr\/?s={search_term_string}"},"query-input":{"@type":"PropertyValueSpecification","valueRequired":true,"valueName":"search_term_string"}}],"inLanguage":"fr-FR"}]}},"_links":{"self":[{"href":"https:\/\/www.ecadstar.com\/fr\/wp-json\/wp\/v2\/pages\/9613","targetHints":{"allow":["GET"]}}],"collection":[{"href":"https:\/\/www.ecadstar.com\/fr\/wp-json\/wp\/v2\/pages"}],"about":[{"href":"https:\/\/www.ecadstar.com\/fr\/wp-json\/wp\/v2\/types\/page"}],"author":[{"embeddable":true,"href":"https:\/\/www.ecadstar.com\/fr\/wp-json\/wp\/v2\/users\/10"}],"replies":[{"embeddable":true,"href":"https:\/\/www.ecadstar.com\/fr\/wp-json\/wp\/v2\/comments?post=9613"}],"version-history":[{"count":0,"href":"https:\/\/www.ecadstar.com\/fr\/wp-json\/wp\/v2\/pages\/9613\/revisions"}],"wp:attachment":[{"href":"https:\/\/www.ecadstar.com\/fr\/wp-json\/wp\/v2\/media?parent=9613"}],"curies":[{"name":"wp","href":"https:\/\/api.w.org\/{rel}","templated":true}]}}