{"id":11735,"date":"2019-07-05T09:49:29","date_gmt":"2019-07-05T08:49:29","guid":{"rendered":"https:\/\/ecadstar2.wpengine.com\/en\/technologies-copy\/"},"modified":"2026-01-05T11:48:56","modified_gmt":"2026-01-05T11:48:56","slug":"migration","status":"publish","type":"page","link":"https:\/\/www.ecadstar.com\/it\/migration\/","title":{"rendered":"Migrazione"},"content":{"rendered":"","protected":false},"excerpt":{"rendered":"<p>eCADSTAR supporta la migrazione da altri fornitori e strumenti tramite una semplice interfaccia guidata.<\/p>\n","protected":false},"author":10,"featured_media":11750,"parent":0,"menu_order":0,"comment_status":"closed","ping_status":"closed","template":"","meta":{"_acf_changed":false,"footnotes":"","_links_to":"","_links_to_target":""},"categories":[],"tags":[],"class_list":["post-11735","page","type-page","status-publish","has-post-thumbnail","hentry"],"acf":[],"yoast_head":"<!-- This site is optimized with the Yoast SEO Premium plugin v27.1 (Yoast SEO v27.1.1) - https:\/\/yoast.com\/product\/yoast-seo-premium-wordpress\/ -->\n<title>Migrazione dell&#039;ambiente Sofware di progettazione PCB | eCADSTAR<\/title>\n<meta name=\"description\" content=\"La migrazione da un software PCB ad un altro non \u00e8 mai stata cos\u00ec facile. Scopri come eCADSTAR pu\u00f2 aiutarti a semplificare il processo di migrazione.\" \/>\n<meta name=\"robots\" content=\"index, follow, max-snippet:-1, max-image-preview:large, max-video-preview:-1\" \/>\n<link rel=\"canonical\" href=\"https:\/\/www.ecadstar.com\/it\/migration\/\" \/>\n<meta property=\"og:locale\" content=\"it_IT\" \/>\n<meta property=\"og:type\" content=\"article\" \/>\n<meta property=\"og:title\" content=\"Migrazione\" \/>\n<meta property=\"og:description\" content=\"La migrazione da un software PCB ad un altro non \u00e8 mai stata cos\u00ec facile. Scopri come eCADSTAR pu\u00f2 aiutarti a semplificare il processo di migrazione.\" \/>\n<meta property=\"og:url\" content=\"https:\/\/www.ecadstar.com\/it\/migration\/\" \/>\n<meta property=\"og:site_name\" content=\"Italian\" \/>\n<meta property=\"article:modified_time\" content=\"2026-01-05T11:48:56+00:00\" \/>\n<meta property=\"og:image\" content=\"https:\/\/www.ecadstar.com\/it\/wp-content\/uploads\/sites\/6\/2019\/07\/data-migration.jpg\" \/>\n\t<meta property=\"og:image:width\" content=\"1567\" \/>\n\t<meta property=\"og:image:height\" content=\"689\" \/>\n\t<meta property=\"og:image:type\" content=\"image\/jpeg\" \/>\n<meta name=\"twitter:card\" content=\"summary_large_image\" \/>\n<meta name=\"twitter:label1\" content=\"Tempo di lettura stimato\" \/>\n\t<meta name=\"twitter:data1\" content=\"3 minuti\" \/>\n<script type=\"application\/ld+json\" class=\"yoast-schema-graph\">{\"@context\":\"https:\/\/schema.org\",\"@graph\":[{\"@type\":\"WebPage\",\"@id\":\"https:\/\/www.ecadstar.com\/it\/migration\/\",\"url\":\"https:\/\/www.ecadstar.com\/it\/migration\/\",\"name\":\"Migrazione dell'ambiente Sofware di progettazione PCB | eCADSTAR\",\"isPartOf\":{\"@id\":\"https:\/\/www.ecadstar.com\/it\/#website\"},\"primaryImageOfPage\":{\"@id\":\"https:\/\/www.ecadstar.com\/it\/migration\/#primaryimage\"},\"image\":{\"@id\":\"https:\/\/www.ecadstar.com\/it\/migration\/#primaryimage\"},\"thumbnailUrl\":\"https:\/\/www.ecadstar.com\/it\/wp-content\/uploads\/sites\/6\/2019\/07\/data-migration.jpg\",\"datePublished\":\"2019-07-05T08:49:29+00:00\",\"dateModified\":\"2026-01-05T11:48:56+00:00\",\"description\":\"La migrazione da un software PCB ad un altro non \u00e8 mai stata cos\u00ec facile. Scopri come eCADSTAR pu\u00f2 aiutarti a semplificare il processo di migrazione.\",\"breadcrumb\":{\"@id\":\"https:\/\/www.ecadstar.com\/it\/migration\/#breadcrumb\"},\"inLanguage\":\"it-IT\",\"potentialAction\":[{\"@type\":\"ReadAction\",\"target\":[\"https:\/\/www.ecadstar.com\/it\/migration\/\"]}]},{\"@type\":\"ImageObject\",\"inLanguage\":\"it-IT\",\"@id\":\"https:\/\/www.ecadstar.com\/it\/migration\/#primaryimage\",\"url\":\"https:\/\/www.ecadstar.com\/it\/wp-content\/uploads\/sites\/6\/2019\/07\/data-migration.jpg\",\"contentUrl\":\"https:\/\/www.ecadstar.com\/it\/wp-content\/uploads\/sites\/6\/2019\/07\/data-migration.jpg\",\"width\":1567,\"height\":689},{\"@type\":\"BreadcrumbList\",\"@id\":\"https:\/\/www.ecadstar.com\/it\/migration\/#breadcrumb\",\"itemListElement\":[{\"@type\":\"ListItem\",\"position\":1,\"name\":\"HOME\",\"item\":\"https:\/\/www.ecadstar.com\/it\/\"},{\"@type\":\"ListItem\",\"position\":2,\"name\":\"Migrazione\"}]},{\"@type\":\"WebSite\",\"@id\":\"https:\/\/www.ecadstar.com\/it\/#website\",\"url\":\"https:\/\/www.ecadstar.com\/it\/\",\"name\":\"Italian\",\"description\":\"New Internet Connected PCB Design Platform\",\"publisher\":{\"@id\":\"https:\/\/www.ecadstar.com\/it\/#organization\"},\"potentialAction\":[{\"@type\":\"SearchAction\",\"target\":{\"@type\":\"EntryPoint\",\"urlTemplate\":\"https:\/\/www.ecadstar.com\/it\/?s={search_term_string}\"},\"query-input\":{\"@type\":\"PropertyValueSpecification\",\"valueRequired\":true,\"valueName\":\"search_term_string\"}}],\"inLanguage\":\"it-IT\"},{\"@type\":\"Organization\",\"@id\":\"https:\/\/www.ecadstar.com\/it\/#organization\",\"name\":\"eCADSTAR\",\"url\":\"https:\/\/www.ecadstar.com\/it\/\",\"logo\":{\"@type\":\"ImageObject\",\"inLanguage\":\"it-IT\",\"@id\":\"https:\/\/www.ecadstar.com\/it\/#\/schema\/logo\/image\/\",\"url\":\"https:\/\/www.ecadstar.com\/it\/wp-content\/uploads\/sites\/6\/2019\/04\/eCADSTAR-square-icon-white-A.png\",\"contentUrl\":\"https:\/\/www.ecadstar.com\/it\/wp-content\/uploads\/sites\/6\/2019\/04\/eCADSTAR-square-icon-white-A.png\",\"width\":512,\"height\":512,\"caption\":\"eCADSTAR\"},\"image\":{\"@id\":\"https:\/\/www.ecadstar.com\/it\/#\/schema\/logo\/image\/\"}}]}<\/script>\n<!-- \/ Yoast SEO Premium plugin. -->","yoast_head_json":{"title":"Migrazione dell'ambiente Sofware di progettazione PCB | eCADSTAR","description":"La migrazione da un software PCB ad un altro non \u00e8 mai stata cos\u00ec facile. Scopri come eCADSTAR pu\u00f2 aiutarti a semplificare il processo di migrazione.","robots":{"index":"index","follow":"follow","max-snippet":"max-snippet:-1","max-image-preview":"max-image-preview:large","max-video-preview":"max-video-preview:-1"},"canonical":"https:\/\/www.ecadstar.com\/it\/migration\/","og_locale":"it_IT","og_type":"article","og_title":"Migrazione","og_description":"La migrazione da un software PCB ad un altro non \u00e8 mai stata cos\u00ec facile. Scopri come eCADSTAR pu\u00f2 aiutarti a semplificare il processo di migrazione.","og_url":"https:\/\/www.ecadstar.com\/it\/migration\/","og_site_name":"Italian","article_modified_time":"2026-01-05T11:48:56+00:00","og_image":[{"width":1567,"height":689,"url":"https:\/\/www.ecadstar.com\/it\/wp-content\/uploads\/sites\/6\/2019\/07\/data-migration.jpg","type":"image\/jpeg"}],"twitter_card":"summary_large_image","twitter_misc":{"Tempo di lettura stimato":"3 minuti"},"schema":{"@context":"https:\/\/schema.org","@graph":[{"@type":"WebPage","@id":"https:\/\/www.ecadstar.com\/it\/migration\/","url":"https:\/\/www.ecadstar.com\/it\/migration\/","name":"Migrazione dell'ambiente Sofware di progettazione PCB | eCADSTAR","isPartOf":{"@id":"https:\/\/www.ecadstar.com\/it\/#website"},"primaryImageOfPage":{"@id":"https:\/\/www.ecadstar.com\/it\/migration\/#primaryimage"},"image":{"@id":"https:\/\/www.ecadstar.com\/it\/migration\/#primaryimage"},"thumbnailUrl":"https:\/\/www.ecadstar.com\/it\/wp-content\/uploads\/sites\/6\/2019\/07\/data-migration.jpg","datePublished":"2019-07-05T08:49:29+00:00","dateModified":"2026-01-05T11:48:56+00:00","description":"La migrazione da un software PCB ad un altro non \u00e8 mai stata cos\u00ec facile. Scopri come eCADSTAR pu\u00f2 aiutarti a semplificare il processo di migrazione.","breadcrumb":{"@id":"https:\/\/www.ecadstar.com\/it\/migration\/#breadcrumb"},"inLanguage":"it-IT","potentialAction":[{"@type":"ReadAction","target":["https:\/\/www.ecadstar.com\/it\/migration\/"]}]},{"@type":"ImageObject","inLanguage":"it-IT","@id":"https:\/\/www.ecadstar.com\/it\/migration\/#primaryimage","url":"https:\/\/www.ecadstar.com\/it\/wp-content\/uploads\/sites\/6\/2019\/07\/data-migration.jpg","contentUrl":"https:\/\/www.ecadstar.com\/it\/wp-content\/uploads\/sites\/6\/2019\/07\/data-migration.jpg","width":1567,"height":689},{"@type":"BreadcrumbList","@id":"https:\/\/www.ecadstar.com\/it\/migration\/#breadcrumb","itemListElement":[{"@type":"ListItem","position":1,"name":"HOME","item":"https:\/\/www.ecadstar.com\/it\/"},{"@type":"ListItem","position":2,"name":"Migrazione"}]},{"@type":"WebSite","@id":"https:\/\/www.ecadstar.com\/it\/#website","url":"https:\/\/www.ecadstar.com\/it\/","name":"Italian","description":"New Internet Connected PCB Design Platform","publisher":{"@id":"https:\/\/www.ecadstar.com\/it\/#organization"},"potentialAction":[{"@type":"SearchAction","target":{"@type":"EntryPoint","urlTemplate":"https:\/\/www.ecadstar.com\/it\/?s={search_term_string}"},"query-input":{"@type":"PropertyValueSpecification","valueRequired":true,"valueName":"search_term_string"}}],"inLanguage":"it-IT"},{"@type":"Organization","@id":"https:\/\/www.ecadstar.com\/it\/#organization","name":"eCADSTAR","url":"https:\/\/www.ecadstar.com\/it\/","logo":{"@type":"ImageObject","inLanguage":"it-IT","@id":"https:\/\/www.ecadstar.com\/it\/#\/schema\/logo\/image\/","url":"https:\/\/www.ecadstar.com\/it\/wp-content\/uploads\/sites\/6\/2019\/04\/eCADSTAR-square-icon-white-A.png","contentUrl":"https:\/\/www.ecadstar.com\/it\/wp-content\/uploads\/sites\/6\/2019\/04\/eCADSTAR-square-icon-white-A.png","width":512,"height":512,"caption":"eCADSTAR"},"image":{"@id":"https:\/\/www.ecadstar.com\/it\/#\/schema\/logo\/image\/"}}]}},"_links":{"self":[{"href":"https:\/\/www.ecadstar.com\/it\/wp-json\/wp\/v2\/pages\/11735","targetHints":{"allow":["GET"]}}],"collection":[{"href":"https:\/\/www.ecadstar.com\/it\/wp-json\/wp\/v2\/pages"}],"about":[{"href":"https:\/\/www.ecadstar.com\/it\/wp-json\/wp\/v2\/types\/page"}],"author":[{"embeddable":true,"href":"https:\/\/www.ecadstar.com\/it\/wp-json\/wp\/v2\/users\/10"}],"replies":[{"embeddable":true,"href":"https:\/\/www.ecadstar.com\/it\/wp-json\/wp\/v2\/comments?post=11735"}],"version-history":[{"count":0,"href":"https:\/\/www.ecadstar.com\/it\/wp-json\/wp\/v2\/pages\/11735\/revisions"}],"wp:featuredmedia":[{"embeddable":true,"href":"https:\/\/www.ecadstar.com\/it\/wp-json\/wp\/v2\/media\/11750"}],"wp:attachment":[{"href":"https:\/\/www.ecadstar.com\/it\/wp-json\/wp\/v2\/media?parent=11735"}],"wp:term":[{"taxonomy":"category","embeddable":true,"href":"https:\/\/www.ecadstar.com\/it\/wp-json\/wp\/v2\/categories?post=11735"},{"taxonomy":"post_tag","embeddable":true,"href":"https:\/\/www.ecadstar.com\/it\/wp-json\/wp\/v2\/tags?post=11735"}],"curies":[{"name":"wp","href":"https:\/\/api.w.org\/{rel}","templated":true}]}}